{"id":17219,"date":"2024-08-13T10:16:07","date_gmt":"2024-08-13T08:16:07","guid":{"rendered":"https:\/\/tmandoutdoor.com\/produit\/medic-ifak-honor-mappe\/"},"modified":"2024-08-13T10:16:07","modified_gmt":"2024-08-13T08:16:07","slug":"medic-ifak-honor-mappe","status":"publish","type":"product","link":"https:\/\/tmandoutdoor.com\/de\/produkt\/medic-ifak-honor-mappe\/","title":{"rendered":"MEDIC IFAK-HONOR\u00ae Mappe"},"content":{"rendered":"<p><img decoding=\"async\" src=\"https:\/\/media.cdnws.com\/_i\/350030\/658\/2675\/59\/tissu-fabric-cordura-honor.jpeg\"><\/p>\n<h3><strong>*VERKAUF OHNE VORSTELLUNGSSTAUER<\/strong><\/h3>\n<h3><strong><em>MERKMAL :<\/em><\/strong><\/h3>\n<p>&nbsp;<\/p>\n<p><strong>&#8211; Stoff CORDURA 500d  <\/strong><\/p>\n<p><strong>&#8211; Verschlussriemen auf der R\u00fcckseite mit Kletteinsatz zur Sicherung der Tasche<\/strong><\/p>\n<p><strong>&#8211; Rotes Kreuz auf der Vorderseite, abnehmbar und umkehrbar<\/strong><\/p>\n<p><strong>&#8211; Herausnehmbarer Einsatz aus elastischem TenSpeed\u00ae-Gewebe, der unter oder \u00fcber der Tasche angebracht werden kann.<\/strong><\/p>\n<p><strong>&#8211; Organisationsgummis im Inneren der Tasche zum Einsetzen einer Notfallschere, eines Druckverbands und anderer Notfallausr\u00fcstungen.  <\/strong><\/p>\n<p><strong>&#8211; Vergr\u00f6\u00dferter innerer Halteklettverschluss, damit die Mappe fest in ihrem Fach bleibt und nur beim Ziehen herauskommt<\/strong><\/p>\n<p><strong>&#8211; Gr\u00f6\u00dfe: 49 x 32 x 37cm<\/strong><\/p>\n<p><strong>&#8211; Gewicht: 100g<\/strong><\/p>\n","protected":false},"excerpt":{"rendered":"<p>Die &#8220;FastIFAK&#8221;-Tasche ist eine MEDIC-Tasche f\u00fcr den t\u00e4glichen Gebrauch.<\/p>\n<p>Sie wurde entwickelt, um \u00fcberlebenswichtige medizinische Vorr\u00e4te an einem G\u00fcrtel zu halten.<\/p>\n","protected":false},"featured_media":14577,"comment_status":"closed","ping_status":"closed","template":"","meta":[],"product_brand":[],"product_cat":[418,447],"product_tag":[],"marque":[],"class_list":{"0":"post-17219","1":"product","2":"type-product","3":"status-publish","4":"has-post-thumbnail","6":"product_cat-was-ist-neu","7":"product_cat-zubehor-draussen","9":"first","10":"instock","11":"taxable","12":"shipping-taxable","13":"purchasable","14":"product-type-variable"},"aioseo_notices":[],"_links":{"self":[{"href":"https:\/\/tmandoutdoor.com\/de\/wp-json\/wp\/v2\/product\/17219","targetHints":{"allow":["GET"]}}],"collection":[{"href":"https:\/\/tmandoutdoor.com\/de\/wp-json\/wp\/v2\/product"}],"about":[{"href":"https:\/\/tmandoutdoor.com\/de\/wp-json\/wp\/v2\/types\/product"}],"replies":[{"embeddable":true,"href":"https:\/\/tmandoutdoor.com\/de\/wp-json\/wp\/v2\/comments?post=17219"}],"wp:featuredmedia":[{"embeddable":true,"href":"https:\/\/tmandoutdoor.com\/de\/wp-json\/wp\/v2\/media\/14577"}],"wp:attachment":[{"href":"https:\/\/tmandoutdoor.com\/de\/wp-json\/wp\/v2\/media?parent=17219"}],"wp:term":[{"taxonomy":"product_brand","embeddable":true,"href":"https:\/\/tmandoutdoor.com\/de\/wp-json\/wp\/v2\/product_brand?post=17219"},{"taxonomy":"product_cat","embeddable":true,"href":"https:\/\/tmandoutdoor.com\/de\/wp-json\/wp\/v2\/product_cat?post=17219"},{"taxonomy":"product_tag","embeddable":true,"href":"https:\/\/tmandoutdoor.com\/de\/wp-json\/wp\/v2\/product_tag?post=17219"},{"taxonomy":"marque","embeddable":true,"href":"https:\/\/tmandoutdoor.com\/de\/wp-json\/wp\/v2\/marque?post=17219"}],"curies":[{"name":"wp","href":"https:\/\/api.w.org\/{rel}","templated":true}]}}