{"id":17120,"date":"2024-10-28T21:31:16","date_gmt":"2024-10-28T20:31:16","guid":{"rendered":"https:\/\/tmandoutdoor.com\/produit\/army-t-shirt-100-baumwolle\/"},"modified":"2026-02-26T18:28:01","modified_gmt":"2026-02-26T17:28:01","slug":"army-t-shirt-100-baumwolle","status":"publish","type":"product","link":"https:\/\/tmandoutdoor.com\/de\/produkt\/army-t-shirt-100-baumwolle\/","title":{"rendered":"Khaki T-Shirt aus 100% ringgesponnener Baumwolle | TM &amp; Outdoor"},"content":{"rendered":"<h2 id=\"un-veritable-t-shirt-en-coton-intemporel\">Ein echtes, zeitloses T-Shirt aus Baumwolle<\/h2>\n<p>Dieses khakifarbene T-Shirt ist mehr als nur ein Basic: Es ist ein Qualit\u00e4tskleidungsst\u00fcck, das f\u00fcr die Ewigkeit gemacht ist. Es besteht aus 100% halbgek\u00e4mmter ringgesponnener Baumwolle und vereint Festigkeit mit nat\u00fcrlichem Komfort. Perfekt f\u00fcr den Outdoor-, Milit\u00e4r- oder Alltagsstil, passt sich dieses Herren-T-Shirt jedem Stil und jeder Bewegung an. Die schlichte und zeitlose Farbe Khaki macht es zu einem unverzichtbaren Bestandteil Ihrer Garderobe.   <\/p>\n<h2 id=\"qualite-textile-et-confort-exceptionnels\">Au\u00dfergew\u00f6hnliche Textilqualit\u00e4t und Komfort<\/h2>\n<p>Dieses T-Shirt aus Baumwolle hat ein Gewicht von 190 g\/m\u00b2: es ist kein leichtes T-Shirt, sondern ein schweres und strapazierf\u00e4higes Kleidungsst\u00fcck. Dieses Premium-Material bietet Ihnen einen weichen Griff und absolute Strapazierf\u00e4higkeit, auch nach h\u00e4ufigem Waschen. Der Rundhalsausschnitt mit Elasthan-Rippstrickb\u00fcndchen sorgt f\u00fcr einen perfekten Sitz ohne Erm\u00fcdung, w\u00e4hrend die kurzen \u00c4rmel das Shirt vielseitig f\u00fcr jede Jahreszeit machen.  <\/p>\n<p>Dieses T-Shirt ist in verschiedenen Gr\u00f6\u00dfen von XS bis XXL erh\u00e4ltlich und passt sich jedem Figurtyp an. Der klassische, r\u00f6hrenf\u00f6rmige Schnitt garantiert eine zeitlose Passform und einen hervorragenden Sitz, Tag f\u00fcr Tag. <\/p>\n<h2 id=\"caracteristiques-techniques-et-certifications\">Technische Daten und Zertifizierungen<\/h2>\n<p>Dieses T-Shirt aus Baumwolle bietet eine anerkannte Textilqualit\u00e4t und Sicherheitsgarantien.<\/p>\n<ul>\n<li>Zusammensetzung: 100% halbgek\u00e4mmte <strong>Ringspun-Baumwolle<\/strong>.<\/li>\n<li>Gewicht von 190 g\/m\u00b2.<\/li>\n<li>Der <strong>OEKO-TEX Standard 100<\/strong> garantiert, dass das Endprodukt keine Produkte enth\u00e4lt, die als gesundheitssch\u00e4dlich f\u00fcr den Tr\u00e4ger des Kleidungsst\u00fccks identifiziert wurden, kontrolliert und gepr\u00fcft von <strong>IFTH<\/strong>.<\/li>\n<li>Sauberkeitsband am Kragen.<\/li>\n<li>Rundhalsausschnitt mit Elasthan-Rippstrickb\u00fcndchen.<\/li>\n<li>Klassischer, r\u00f6hrenf\u00f6rmiger Schnitt.<\/li>\n<li>Kurze \u00c4rmel.<\/li>\n<li>Die Personalisierung ist mit den folgenden Techniken kompatibel: Stickerei, Flex, Digitaldruck, Siebdruck, Transfer.<\/li>\n<\/ul>\n<p><strong>Gr\u00f6\u00dfen: (L\u00e4nge in cm &#8211; Brust in cm)<\/strong><\/p>\n<p>Erh\u00e4ltlich in verschiedenen Gr\u00f6\u00dfen von XS bis XXL: XS (62cm-49cm) S (69cm-50cm) M (72cm-53cm) L (74cm-56cm) XL (76cm-58cm) XXL (78cm-62cm)<\/p>\n<p><\/p>\n","protected":false},"excerpt":{"rendered":"<p>Khaki T-Shirt aus hochwertiger, halbgek\u00e4mmter Baumwolle (190 g\/m\u00b2). Rundhalsausschnitt aus Elasthan, kurze \u00c4rmel. Robust, weich und zeitlos. Gr\u00f6\u00dfen bis XXL. Entspricht OEKO-TEX. Individuell gestaltbar.     <\/p>\n","protected":false},"featured_media":16460,"comment_status":"closed","ping_status":"closed","template":"","meta":[],"product_brand":[],"product_cat":[446,198],"product_tag":[],"marque":[],"class_list":{"0":"post-17120","1":"product","2":"type-product","3":"status-publish","4":"has-post-thumbnail","6":"product_cat-hoch","7":"product_cat-willkommen","9":"first","10":"instock","11":"taxable","12":"shipping-taxable","13":"purchasable","14":"product-type-variable"},"aioseo_notices":[],"_links":{"self":[{"href":"https:\/\/tmandoutdoor.com\/de\/wp-json\/wp\/v2\/product\/17120","targetHints":{"allow":["GET"]}}],"collection":[{"href":"https:\/\/tmandoutdoor.com\/de\/wp-json\/wp\/v2\/product"}],"about":[{"href":"https:\/\/tmandoutdoor.com\/de\/wp-json\/wp\/v2\/types\/product"}],"replies":[{"embeddable":true,"href":"https:\/\/tmandoutdoor.com\/de\/wp-json\/wp\/v2\/comments?post=17120"}],"wp:featuredmedia":[{"embeddable":true,"href":"https:\/\/tmandoutdoor.com\/de\/wp-json\/wp\/v2\/media\/16460"}],"wp:attachment":[{"href":"https:\/\/tmandoutdoor.com\/de\/wp-json\/wp\/v2\/media?parent=17120"}],"wp:term":[{"taxonomy":"product_brand","embeddable":true,"href":"https:\/\/tmandoutdoor.com\/de\/wp-json\/wp\/v2\/product_brand?post=17120"},{"taxonomy":"product_cat","embeddable":true,"href":"https:\/\/tmandoutdoor.com\/de\/wp-json\/wp\/v2\/product_cat?post=17120"},{"taxonomy":"product_tag","embeddable":true,"href":"https:\/\/tmandoutdoor.com\/de\/wp-json\/wp\/v2\/product_tag?post=17120"},{"taxonomy":"marque","embeddable":true,"href":"https:\/\/tmandoutdoor.com\/de\/wp-json\/wp\/v2\/marque?post=17120"}],"curies":[{"name":"wp","href":"https:\/\/api.w.org\/{rel}","templated":true}]}}