{"id":15454,"date":"2024-10-16T15:13:01","date_gmt":"2024-10-16T13:13:01","guid":{"rendered":"https:\/\/tmandoutdoor.com\/?post_type=product&#038;p=15454"},"modified":"2026-01-31T17:22:14","modified_gmt":"2026-01-31T16:22:14","slug":"f-35-pilotenjacke-copie-copie","status":"publish","type":"product","link":"https:\/\/tmandoutdoor.com\/de\/produkt\/f-35-pilotenjacke-copie-copie\/","title":{"rendered":"Marineblaue Herrenjacke F-35 | Nylon mit Rei\u00dfverschluss"},"content":{"rendered":"<h2 id=\"blouson-aviateur-pour-homme-en-nylon-bleu-marine\">Herrenfliegerjacke aus marineblauem Nylon<\/h2>\n<p>Diese F-35 Fliegerjacke vereint authentischen Fliegerstil und Alltagstauglichkeit f\u00fcr den modernen Mann.<\/p>\n<p>Diese echte Fliegerjacke aus 100% Nylon bietet eine robuste und langlebige Premium-Qualit\u00e4t f\u00fcr Liebhaber des milit\u00e4rischen Stils.<\/p>\n<p>Futter aus 100% Polyester f\u00fcr optimalen Komfort und nat\u00fcrliche Wasserabweisung, ideal f\u00fcr die \u00dcbergangszeit und Outdoor-Aktivit\u00e4ten.<\/p>\n<p>Ausgestattet mit <strong>3 abnehmbaren Air Force-PVC-Patches<\/strong> bietet diese Fliegerjacke einen echten Bomberjacken-Stil, der individuell gestaltet werden kann. Verschiedene Taschen mit Rei\u00df- und Klettverschl\u00fcssen sorgen f\u00fcr eine praktische und sichere Aufbewahrung. <\/p>\n<p>Enganliegende, weiche Passform f\u00fcr bequemes Tragen der Fliegerjacke im Alltag.<\/p>\n<p>Diese wasserabweisende Fliegerjacke kombiniert milit\u00e4risches Erbe mit modernem Komfort. Sie wurde f\u00fcr M\u00e4nner entworfen, die ein vielseitiges Kleidungsst\u00fcck suchen, das sich im Handumdrehen vom Freizeitstil in einen authentischen Fliegerlook verwandelt. <\/p>\n<h3 id=\"caracteristiques-techniques-du-blouson-aviateur-marine\">Technische Daten der Fliegerjacke Marine<\/h3>\n<ul>\n<li>Robuster und langlebiger <strong>YKK-Rei\u00dfverschluss<\/strong> als Hauptverschluss<\/li>\n<li>3 Air Force-PVC-Aufn\u00e4her enthalten und zur Personalisierung abnehmbar<\/li>\n<li>Elastische B\u00fcndchen (Saum und \u00c4rmel)<\/li>\n<li>Elastische N\u00e4hte in den \u00c4rmeln<\/li>\n<li>Elastischer Kragen<\/li>\n<li>Zwei Seitentaschen mit Klettverschluss<\/li>\n<li>Zwei Rei\u00dfverschlusstaschen mit viel Stauraum<\/li>\n<li>Taktisches Design<\/li>\n<li>Linker \u00c4rmel mit Rei\u00dfverschlussfach und Stiftablage<\/li>\n<li>Bel\u00fcftete Achselh\u00f6hlen<\/li>\n<li><strong>100% Nylon au\u00dfen<\/strong> mit Polyesterfutter &#8211; technische Materialien f\u00fcr Leistung und Haltbarkeit<\/li>\n<li>Marineblau &#8211; der klassische und zeitlose Farbton des Fliegerstils<\/li>\n<\/ul>\n<p><\/p>\n","protected":false},"excerpt":{"rendered":"<p>Herren-Fliegerjacke aus marineblauem Nylon mit Rei\u00dfverschluss am Kragen. Echte wasserabweisende F-35 Pilotenjacke mit abnehmbaren Patches und praktischen Taschen. YKK-Verschluss, Polyesterfutter. Schnelle Lieferung.   <\/p>\n","protected":false},"featured_media":15491,"comment_status":"closed","ping_status":"closed","template":"","meta":[],"product_brand":[],"product_cat":[915,446,282,428,418],"product_tag":[],"marque":[],"class_list":{"0":"post-15454","1":"product","2":"type-product","3":"status-publish","4":"has-post-thumbnail","6":"product_cat-black-friday-de","7":"product_cat-hoch","8":"product_cat-mann","9":"product_cat-trends-de","10":"product_cat-was-ist-neu","11":"product_shipping_class-shipping-de","13":"first","14":"instock","15":"taxable","16":"shipping-taxable","17":"purchasable","18":"product-type-variable"},"aioseo_notices":[],"_links":{"self":[{"href":"https:\/\/tmandoutdoor.com\/de\/wp-json\/wp\/v2\/product\/15454","targetHints":{"allow":["GET"]}}],"collection":[{"href":"https:\/\/tmandoutdoor.com\/de\/wp-json\/wp\/v2\/product"}],"about":[{"href":"https:\/\/tmandoutdoor.com\/de\/wp-json\/wp\/v2\/types\/product"}],"replies":[{"embeddable":true,"href":"https:\/\/tmandoutdoor.com\/de\/wp-json\/wp\/v2\/comments?post=15454"}],"wp:featuredmedia":[{"embeddable":true,"href":"https:\/\/tmandoutdoor.com\/de\/wp-json\/wp\/v2\/media\/15491"}],"wp:attachment":[{"href":"https:\/\/tmandoutdoor.com\/de\/wp-json\/wp\/v2\/media?parent=15454"}],"wp:term":[{"taxonomy":"product_brand","embeddable":true,"href":"https:\/\/tmandoutdoor.com\/de\/wp-json\/wp\/v2\/product_brand?post=15454"},{"taxonomy":"product_cat","embeddable":true,"href":"https:\/\/tmandoutdoor.com\/de\/wp-json\/wp\/v2\/product_cat?post=15454"},{"taxonomy":"product_tag","embeddable":true,"href":"https:\/\/tmandoutdoor.com\/de\/wp-json\/wp\/v2\/product_tag?post=15454"},{"taxonomy":"marque","embeddable":true,"href":"https:\/\/tmandoutdoor.com\/de\/wp-json\/wp\/v2\/marque?post=15454"}],"curies":[{"name":"wp","href":"https:\/\/api.w.org\/{rel}","templated":true}]}}