{"id":13510,"date":"2024-06-27T17:02:53","date_gmt":"2024-06-27T15:02:53","guid":{"rendered":"https:\/\/tmandoutdoor.com\/?post_type=product&#038;p=13510"},"modified":"2026-01-28T14:07:49","modified_gmt":"2026-01-28T13:07:49","slug":"us-navy-classic-wool-decke-copie-copie-copie-2","status":"publish","type":"product","link":"https:\/\/tmandoutdoor.com\/de\/produkt\/us-navy-classic-wool-decke-copie-copie-copie-2\/","title":{"rendered":"Waterproof Classic Wool Decke: leichte W\u00e4rme und Schutz vor Feuchtigkeit"},"content":{"rendered":"<h2 id=\"une-couverture-d-exterieur-pensee-pour-votre-protection-quotidienne\">Eine Au\u00dfenabdeckung, die f\u00fcr Ihren t\u00e4glichen Schutz gedacht ist<\/h2>\n<p>Unsere <strong>wasserdichte Decke classic wool<\/strong> wurde f\u00fcr den <strong>t\u00e4glichen Schutz<\/strong> vor <strong>K\u00e4lte<\/strong> und <strong>N\u00e4sse<\/strong> beim Biwakieren, auf der Koppel oder auf der Wiese entwickelt. Die Decke ist leicht, aber <strong>strapazierf\u00e4hig<\/strong> und passt in jede Tasche, wenn Sie in der Natur unterwegs sind. <\/p>\n<h3 id=\"les-benefices-cles-de-la-couverture\">Die wichtigsten Vorteile des Versicherungsschutzes<\/h3>\n<ul>\n<li>80% Naturwolle bietet kuschelige <strong>W\u00e4rme<\/strong> und eine F\u00fcllung von 300 g, was einer Outdoor-Decke classic 300 g entspricht.<\/li>\n<li>Au\u00dfenseite aus 600D Nylon mit wasser- und schmutzabweisender Beschichtung: Die Decke bleibt auch nach intensivem Gebrauch wasserdicht.<\/li>\n<li>Atmungsaktive Membran, die Schwei\u00df ableitet und so f\u00fcr optimalen Komfort sorgt.<\/li>\n<li>Klassische wasserdichte Behandlung und klassisches wasserdichtes Finish, damit Ihre Outdoor-Decke Saison f\u00fcr Saison wasserdicht bleibt.<\/li>\n<\/ul>\n<h3 id=\"caracteristiques-techniques\">Technische Merkmale<\/h3>\n<ol>\n<li>Zusammensetzung: 80 % Wolle, 20 % recycelte Fasern.<\/li>\n<li>Ungef\u00e4hre Gr\u00f6\u00dfe: 150 \u00d7 210 cm.<\/li>\n<li>Gewicht: ca. 1,7 kg, leicht genug f\u00fcr den Rucksack.<\/li>\n<li>Klassische Au\u00dfenfarbe, wasserdichtes Innenfutter.<\/li>\n<\/ol>\n<p><\/p>\n<h3 id=\"usages-conseilles\">Empfohlene Verwendung<\/h3>\n<p>Perfekt als Outdoor-Decke f\u00fcr ein Picknick, eine \u00dcbernachtung in den Bergen oder den t\u00e4glichen Gebrauch auf der Pferdekoppel. Dank ihrer wasserabweisenden Behandlung sch\u00fctzt sie Sie vor K\u00e4lte und pl\u00f6tzlichen Regeng\u00fcssen. Das robuste Classic-Au\u00dfenmaterial h\u00e4lt dem Abrieb des Bodens oder dem t\u00e4glichen Leben auf der Koppel problemlos stand.  <\/p>\n<h3 id=\"pourquoi-nous-l-aimons\">Warum wir ihn lieben<\/h3>\n<p>Weil er Eleganz, Komfort und Leistung in sich vereint. Die wasserdichte, klassische Abdeckung bietet eine zuverl\u00e4ssige Barriere gegen die Elemente, w\u00e4hrend das wasserdichte, klassische Gewebe Wool die W\u00e4rme unter allen Umst\u00e4nden bewahrt. Ein idealer Verb\u00fcndeter f\u00fcr Ihre Wanderungen oder Ihre Momente der Entspannung im Freien.  <\/p>\n<p><\/p>\n","protected":false},"excerpt":{"rendered":"<p>Die Classic Wool Waterproof-Decke bietet t\u00e4glichen wasserdichten und atmungsaktiven Schutz: schmutzabweisende Beschichtung, 300 g warme Wolle, strapazierf\u00e4hige 600D Nylon-Au\u00dfenseite, ideal f\u00fcr Biwak oder Paddock.<\/p>\n","protected":false},"featured_media":13517,"comment_status":"closed","ping_status":"closed","template":"","meta":[],"product_brand":[],"product_cat":[582,418,592],"product_tag":[],"marque":[],"class_list":{"0":"post-13510","1":"product","2":"type-product","3":"status-publish","4":"has-post-thumbnail","6":"product_cat-decke-swiss-link","7":"product_cat-was-ist-neu","8":"product_cat-waterproof-classic-wool-de","9":"product_shipping_class-shipping-de","11":"first","12":"instock","13":"taxable","14":"shipping-taxable","15":"purchasable","16":"product-type-simple"},"aioseo_notices":[],"_links":{"self":[{"href":"https:\/\/tmandoutdoor.com\/de\/wp-json\/wp\/v2\/product\/13510","targetHints":{"allow":["GET"]}}],"collection":[{"href":"https:\/\/tmandoutdoor.com\/de\/wp-json\/wp\/v2\/product"}],"about":[{"href":"https:\/\/tmandoutdoor.com\/de\/wp-json\/wp\/v2\/types\/product"}],"replies":[{"embeddable":true,"href":"https:\/\/tmandoutdoor.com\/de\/wp-json\/wp\/v2\/comments?post=13510"}],"wp:featuredmedia":[{"embeddable":true,"href":"https:\/\/tmandoutdoor.com\/de\/wp-json\/wp\/v2\/media\/13517"}],"wp:attachment":[{"href":"https:\/\/tmandoutdoor.com\/de\/wp-json\/wp\/v2\/media?parent=13510"}],"wp:term":[{"taxonomy":"product_brand","embeddable":true,"href":"https:\/\/tmandoutdoor.com\/de\/wp-json\/wp\/v2\/product_brand?post=13510"},{"taxonomy":"product_cat","embeddable":true,"href":"https:\/\/tmandoutdoor.com\/de\/wp-json\/wp\/v2\/product_cat?post=13510"},{"taxonomy":"product_tag","embeddable":true,"href":"https:\/\/tmandoutdoor.com\/de\/wp-json\/wp\/v2\/product_tag?post=13510"},{"taxonomy":"marque","embeddable":true,"href":"https:\/\/tmandoutdoor.com\/de\/wp-json\/wp\/v2\/marque?post=13510"}],"curies":[{"name":"wp","href":"https:\/\/api.w.org\/{rel}","templated":true}]}}