{"id":11745,"date":"2024-06-05T14:38:15","date_gmt":"2024-06-05T12:38:15","guid":{"rendered":"https:\/\/tmandoutdoor.com\/?post_type=product&#038;p=11745"},"modified":"2026-02-28T16:03:18","modified_gmt":"2026-02-28T15:03:18","slug":"multifunktionales-bivouac-messer-copie","status":"publish","type":"product","link":"https:\/\/tmandoutdoor.com\/de\/produkt\/multifunktionales-bivouac-messer-copie\/","title":{"rendered":"Klappbares Camping-Besteckset aus Edelstahl &#8211; Multifunktionsmesser"},"content":{"rendered":"<p>Es ist ein unentbehrlicher Verb\u00fcndeter f\u00fcr alle Ihre Camping- und Biwakausfl\u00fcge. Dieses <strong>multifunktionale Besteckset<\/strong> bietet eine effiziente und scharfe <strong>Klinge aus rostfreiem Stahl<\/strong> f\u00fcr den Tisch und f\u00fcr viele andere Anwendungen im Freien. <\/p>\n<p><img decoding=\"async\" width=\"300\" height=\"281.7343173431734\" style=\"cursor: pointer;display: block;float: unset;margin: auto\" src=\"https:\/\/tmandoutdoor.com\/wp-content\/uploads\/sites\/2\/2026\/02\/2799ade14a7e8cb096aa90fb0d1321004d9a94f908716e8c7126359a0b9d320a.jpg\" alt=\"Messerset mit Messer, Gabel und L\u00f6ffel aus rostfreiem Stahl und Korkenzieher\/Werkzeug.\"><\/p>\n<h2 id=\"emporter-partout-camping\">Zusammenklappbares Campingbesteck: Nehmen Sie es \u00fcberallhin mit.<\/h2>\n<p>Dieses zeitlose, praktische und bemerkenswert effiziente <strong>Besteckset<\/strong> Made in France ist dank seines ergonomischen Griffs sehr handlich. Dieses kompakte Besteck ist perfekt f\u00fcr den Au\u00dfenbereich: Sie k\u00f6nnen es \u00fcberall hin mitnehmen und es leicht in einer Tasche oder im Handschuhfach verstauen. Dieses multifunktionale Besteckset <strong>wird mit einer Schutzh\u00fclle geliefert<\/strong> und ist eine komplette und leichte L\u00f6sung f\u00fcr Picknicks, Wanderungen und Abenteuer in der Natur. <\/p>\n<h2 id=\"lame-acier-inox\">Messer aus rostfreiem Stahl: die robuste Klinge f\u00fcr Ihr Campingset<\/h2>\n<p>Die Klinge aus rostfreiem Stahl dieses Multifunktionsmessers bietet eine nachgewiesene H\u00e4rte und eine erstklassige Sch\u00e4rfe. Dieses Besteckset wurde von den Forschungs- und Entwicklungsteams des franz\u00f6sischen Messerherstellers TB Groupe entwickelt und ist ein robustes und vielseitiges Werkzeug, das Sie f\u00fcr alle Situationen im Freien ben\u00f6tigen: Schneiden von Lebensmitteln, Brot, Draht, Pappe, Verpackungen. Dieses robuste und langlebige <strong>faltbare Besteckset<\/strong> eignet sich perfekt f\u00fcr Camping, Wandern und Trekking.  <\/p>\n<h2 id=\"avantages-couvert-bivouac\">Vorteile dieses multifunktionalen Bestecksets aus Edelstahl f\u00fcr Biwaks und Wanderungen<\/h2>\n<ul>\n<li><strong>\u00c4sthetisch und praktisch<\/strong>: Ergonomischer Griff aus leichtem und widerstandsf\u00e4higem ABS, der sich leicht und sicher greifen l\u00e4sst.<\/li>\n<li><strong>6 unentbehrliche Funktionen des Komplettsets<\/strong>:<\/li>\n<li>Messer (9 cm)<\/li>\n<li>Gabel (13,5 cm)<\/li>\n<li>L\u00f6ffel (13,5 cm)<\/li>\n<li>Korkenzieher (4 cm)<\/li>\n<li>Dosen\u00f6ffner<\/li>\n<li>Flaschen\u00f6ffner<\/li>\n<li><strong>Hochwertige und langlebige Materialien<\/strong>: robuster Edelstahl, sto\u00dffester ABS-Griff<\/li>\n<li><strong>Leicht zu transportieren und kompakt zu verstauen<\/strong>: Stecken Sie dieses Klappbesteck in eine Tasche oder einen Beutel, wenn Sie biwakieren oder campen.<\/li>\n<li>Franz\u00f6sische Herstellung in Thiers, patentiertes und eingetragenes Modell und Marke<\/li>\n<li>Tipp: Vorsicht vor F\u00e4lschungen von sehr schlechter Qualit\u00e4t &#8211; w\u00e4hlen Sie das echte <strong>TB Groupe Set<\/strong>, das aus echten, rostfreien und langlebigen Materialien besteht.<\/li>\n<li>\n   <\/li>\n<li>\n   <\/li>\n<\/ul>\n<p><img decoding=\"async\" width=\"297.4576271186441\" height=\"300\" style=\"cursor: pointer;display: block;float: unset;margin: auto\" src=\"https:\/\/tmandoutdoor.com\/wp-content\/uploads\/sites\/2\/2026\/02\/3c719258e7c34e9930012790c572d732fcc0b6ed883f46ae4ca4a654c56d5437.webp\" alt=\"Zusammenklappbare Feilgabel mit Metallklinge und schwarzem Griff, ein kompaktes Werkzeug zum Schneiden\/Auspressen im Freien.\"><br \/><\/p>\n","protected":false},"excerpt":{"rendered":"<p>Campingbesteck 6 in 1, zusammenklappbar und rostfrei. Multifunktionales Set mit Messer, Gabel, L\u00f6ffel und Korkenzieher. Ideal f\u00fcr Wanderungen und Biwaks. Made in Frankreich.   <\/p>\n","protected":false},"featured_media":11776,"comment_status":"closed","ping_status":"closed","template":"","meta":[],"product_brand":[],"product_cat":[244,447],"product_tag":[],"marque":[],"class_list":{"0":"post-11745","1":"product","2":"type-product","3":"status-publish","4":"has-post-thumbnail","6":"product_cat-messer","7":"product_cat-zubehor-draussen","8":"product_shipping_class-shipping-de","10":"first","11":"instock","12":"taxable","13":"shipping-taxable","14":"purchasable","15":"product-type-simple"},"aioseo_notices":[],"_links":{"self":[{"href":"https:\/\/tmandoutdoor.com\/de\/wp-json\/wp\/v2\/product\/11745","targetHints":{"allow":["GET"]}}],"collection":[{"href":"https:\/\/tmandoutdoor.com\/de\/wp-json\/wp\/v2\/product"}],"about":[{"href":"https:\/\/tmandoutdoor.com\/de\/wp-json\/wp\/v2\/types\/product"}],"replies":[{"embeddable":true,"href":"https:\/\/tmandoutdoor.com\/de\/wp-json\/wp\/v2\/comments?post=11745"}],"wp:featuredmedia":[{"embeddable":true,"href":"https:\/\/tmandoutdoor.com\/de\/wp-json\/wp\/v2\/media\/11776"}],"wp:attachment":[{"href":"https:\/\/tmandoutdoor.com\/de\/wp-json\/wp\/v2\/media?parent=11745"}],"wp:term":[{"taxonomy":"product_brand","embeddable":true,"href":"https:\/\/tmandoutdoor.com\/de\/wp-json\/wp\/v2\/product_brand?post=11745"},{"taxonomy":"product_cat","embeddable":true,"href":"https:\/\/tmandoutdoor.com\/de\/wp-json\/wp\/v2\/product_cat?post=11745"},{"taxonomy":"product_tag","embeddable":true,"href":"https:\/\/tmandoutdoor.com\/de\/wp-json\/wp\/v2\/product_tag?post=11745"},{"taxonomy":"marque","embeddable":true,"href":"https:\/\/tmandoutdoor.com\/de\/wp-json\/wp\/v2\/marque?post=11745"}],"curies":[{"name":"wp","href":"https:\/\/api.w.org\/{rel}","templated":true}]}}